{"id":36,"date":"2025-09-19T20:13:22","date_gmt":"2025-09-19T18:13:22","guid":{"rendered":"http:\/\/akjbaborowo.pl\/?page_id=36"},"modified":"2026-01-09T15:41:28","modified_gmt":"2026-01-09T14:41:28","slug":"o-nas","status":"publish","type":"page","link":"https:\/\/akjbaborowo.pl\/?page_id=36","title":{"rendered":"O Nas"},"content":{"rendered":"\t\t<div data-elementor-type=\"wp-page\" data-elementor-id=\"36\" class=\"elementor elementor-36\" data-elementor-post-type=\"page\">\n\t\t\t\t<div class=\"elementor-element elementor-element-5a1ebf77 e-flex e-con-boxed e-con e-parent\" data-id=\"5a1ebf77\" data-element_type=\"container\" data-settings=\"{&quot;background_background&quot;:&quot;classic&quot;}\">\n\t\t\t\t\t<div class=\"e-con-inner\">\n\t\t<div class=\"elementor-element elementor-element-3149de6e e-con-full e-flex e-con e-child\" data-id=\"3149de6e\" data-element_type=\"container\">\n\t\t\t\t<div class=\"elementor-element elementor-element-7aec7bc5 elementor-widget elementor-widget-heading\" data-id=\"7aec7bc5\" data-element_type=\"widget\" data-widget_type=\"heading.default\">\n\t\t\t\t\t<h5 class=\"elementor-heading-title elementor-size-default\">Witamy w naszym \u015bwiecie!<\/h5>\t\t\t\t<\/div>\n\t\t\t\t<div class=\"elementor-element elementor-element-262c55fe elementor-widget elementor-widget-heading\" data-id=\"262c55fe\" data-element_type=\"widget\" data-widget_type=\"heading.default\">\n\t\t\t\t\t<h2 class=\"elementor-heading-title elementor-size-default\">Odkryj magi\u0119 je\u017adziectwa z nami<\/h2>\t\t\t\t<\/div>\n\t\t\t\t<div class=\"elementor-element elementor-element-14d14f0b elementor-widget elementor-widget-text-editor\" data-id=\"14d14f0b\" data-element_type=\"widget\" data-widget_type=\"text-editor.default\">\n\t\t\t\t\t\t\t\t\t<p>Jeste\u015bmy stajni\u0105, kt\u00f3ra \u0142\u0105czy pasj\u0119 do koni z szacunkiem dla natury. Nasze lekcje jazdy konnej, wydarzenia oraz pensjonat dla koni s\u0105 zaprojektowane z my\u015bl\u0105 o dobrostanie zwierz\u0105t. Sprawd\u017a nasz\u0105 ofert\u0119 i do\u0142\u0105cz do naszej spo\u0142eczno\u015bci, w kt\u00f3rej ka\u017cdy jest mile widziany.<\/p>\t\t\t\t\t\t\t\t<\/div>\n\t\t<div class=\"elementor-element elementor-element-5b234eed e-con-full e-flex e-con e-child\" data-id=\"5b234eed\" data-element_type=\"container\">\n\t\t\t\t<div class=\"elementor-element elementor-element-13cd0b4e elementor-widget__width-auto elementor-align-right elementor-widget elementor-widget-button\" data-id=\"13cd0b4e\" data-element_type=\"widget\" data-widget_type=\"button.default\">\n\t\t\t\t\t\t\t\t\t\t<a class=\"elementor-button elementor-button-link elementor-size-sm\" href=\"https:\/\/akjbaborowo.pl\/\">\n\t\t\t\t\t\t<span class=\"elementor-button-content-wrapper\">\n\t\t\t\t\t\t\t\t\t<span class=\"elementor-button-text\">Dowiedz si\u0119 wi\u0119cej<\/span>\n\t\t\t\t\t<\/span>\n\t\t\t\t\t<\/a>\n\t\t\t\t\t\t\t\t<\/div>\n\t\t\t\t<div class=\"elementor-element elementor-element-78125681 elementor-widget__width-auto elementor-align-right elementor-widget elementor-widget-button\" data-id=\"78125681\" data-element_type=\"widget\" data-widget_type=\"button.default\">\n\t\t\t\t\t\t\t\t\t\t<a class=\"elementor-button elementor-button-link elementor-size-sm\" href=\"https:\/\/akjbaborowo.pl\/?page_id=33\">\n\t\t\t\t\t\t<span class=\"elementor-button-content-wrapper\">\n\t\t\t\t\t\t\t\t\t<span class=\"elementor-button-text\">Nasza oferta<\/span>\n\t\t\t\t\t<\/span>\n\t\t\t\t\t<\/a>\n\t\t\t\t\t\t\t\t<\/div>\n\t\t\t\t<\/div>\n\t\t\t\t<\/div>\n\t\t\t\t\t<\/div>\n\t\t\t\t<\/div>\n\t\t<div class=\"elementor-element elementor-element-7a46df3f e-flex e-con-boxed e-con e-parent\" data-id=\"7a46df3f\" data-element_type=\"container\">\n\t\t\t\t\t<div class=\"e-con-inner\">\n\t\t\t\t<div class=\"elementor-element elementor-element-23e7d067 elementor-widget elementor-widget-heading\" data-id=\"23e7d067\" data-element_type=\"widget\" data-widget_type=\"heading.default\">\n\t\t\t\t\t<h2 class=\"elementor-heading-title elementor-size-default\">Nasz Zesp\u00f3\u0142<\/h2>\t\t\t\t<\/div>\n\t\t\t\t<div class=\"elementor-element elementor-element-73a159 elementor-widget elementor-widget-heading\" data-id=\"73a159\" data-element_type=\"widget\" data-widget_type=\"heading.default\">\n\t\t\t\t\t<h5 class=\"elementor-heading-title elementor-size-default\"><br>\n<p data-start=\"196\" data-end=\"857\"><span style=\"font-weight: 500;font-size: 16px\">Razem tworzymy stajni\u0119, w kt\u00f3rej profesjonalizm spotyka si\u0119 z pasj\u0105, a ka\u017cdy je\u017adziec \u2013 niezale\u017cnie od wieku i poziomu \u2013 mo\u017ce rozwija\u0107 si\u0119 w przyjaznej, wspieraj\u0105cej atmosferze. AKJ Baborowo to miejsce, gdzie marzenia o je\u017adziectwie staj\u0105 si\u0119 codzienno\u015bci\u0105, a relacja z koniem jest najwa\u017cniejszym elementem ca\u0142ej drogi.<\/span><span style=\", sans-serif;font-size: 18px;font-weight: 500\"><\/span><\/p><\/h5>\t\t\t\t<\/div>\n\t\t<div class=\"elementor-element elementor-element-5e07831b e-con-full e-flex e-con e-child\" data-id=\"5e07831b\" data-element_type=\"container\">\n\t\t\t\t<div class=\"elementor-element elementor-element-16ec4cad elementor-widget-tablet__width-initial elementor-widget-mobile__width-inherit elementor-widget__width-initial elementor-position-top elementor-widget elementor-widget-image-box\" data-id=\"16ec4cad\" data-element_type=\"widget\" data-widget_type=\"image-box.default\">\n\t\t\t\t\t<div class=\"elementor-image-box-wrapper\"><figure class=\"elementor-image-box-img\"><img fetchpriority=\"high\" decoding=\"async\" width=\"1061\" height=\"782\" src=\"https:\/\/akjbaborowo.pl\/wp-content\/uploads\/2025\/11\/Mirek.png\" class=\"attachment-full size-full wp-image-188\" alt=\"\" srcset=\"https:\/\/akjbaborowo.pl\/wp-content\/uploads\/2025\/11\/Mirek.png 1061w, https:\/\/akjbaborowo.pl\/wp-content\/uploads\/2025\/11\/Mirek-300x221.png 300w, https:\/\/akjbaborowo.pl\/wp-content\/uploads\/2025\/11\/Mirek-1024x755.png 1024w, https:\/\/akjbaborowo.pl\/wp-content\/uploads\/2025\/11\/Mirek-768x566.png 768w\" sizes=\"(max-width: 1061px) 100vw, 1061px\" \/><\/figure><div class=\"elementor-image-box-content\"><h4 class=\"elementor-image-box-title\">Mirek<\/h4><p class=\"elementor-image-box-description\">Medalista Olimpijski \nw WKKW, trener Kadry Polski Junior\u00f3w i posiadacz honorowej odznaki PZJ. To prawdziwa skarbnica wiedzy i do\u015bwiadczenia. Jego treningi daj\u0105 naszym je\u017ad\u017acom mo\u017cliwo\u015b\u0107 nauki od jednego z najlepszych zawodnik\u00f3w w Polsce.<\/p><\/div><\/div>\t\t\t\t<\/div>\n\t\t\t\t<div class=\"elementor-element elementor-element-39a39ad1 elementor-widget-tablet__width-initial elementor-widget-mobile__width-inherit elementor-widget__width-initial elementor-position-top elementor-widget elementor-widget-image-box\" data-id=\"39a39ad1\" data-element_type=\"widget\" data-widget_type=\"image-box.default\">\n\t\t\t\t\t<div class=\"elementor-image-box-wrapper\"><figure class=\"elementor-image-box-img\"><img decoding=\"async\" width=\"1365\" height=\"1480\" src=\"https:\/\/akjbaborowo.pl\/wp-content\/uploads\/2025\/11\/IMG_8305-e1763967658555.jpg\" class=\"attachment-full size-full wp-image-133\" alt=\"\" srcset=\"https:\/\/akjbaborowo.pl\/wp-content\/uploads\/2025\/11\/IMG_8305-e1763967658555.jpg 1365w, https:\/\/akjbaborowo.pl\/wp-content\/uploads\/2025\/11\/IMG_8305-e1763967658555-277x300.jpg 277w, https:\/\/akjbaborowo.pl\/wp-content\/uploads\/2025\/11\/IMG_8305-e1763967658555-944x1024.jpg 944w, https:\/\/akjbaborowo.pl\/wp-content\/uploads\/2025\/11\/IMG_8305-e1763967658555-768x833.jpg 768w\" sizes=\"(max-width: 1365px) 100vw, 1365px\" \/><\/figure><div class=\"elementor-image-box-content\"><h4 class=\"elementor-image-box-title\">Agata<\/h4><p class=\"elementor-image-box-description\">za\u0142o\u017cycielka AKJ Baborowo, instruktorka jazdy konnej z ponad 20-letnim do\u015bwiadczeniem.\nJe\u017adzi konno od dw\u00f3ch dekad, ma za sob\u0105 starty w skokach przez przeszkody do 120 cm i uko\u0144czony kurs Instruktora Jazdy Konnej. Nieustannie si\u0119 szkoli, poszerzaj\u0105c wiedz\u0119 z zakresu treningu koni i pracy z je\u017ad\u017acami. Z wykszta\u0142cenia in\u017cynier, prywatnie \u017cona i mama dw\u00f3jki dzieci.\nAgata tworzy atmosfer\u0119 miejsca \u2014 \u0142\u0105czy profesjonalizm, spok\u00f3j i autentyczn\u0105 mi\u0142o\u015b\u0107 do koni. Jest osob\u0105 zaanga\u017cowan\u0105 i uwa\u017cn\u0105, dbaj\u0105c\u0105 zar\u00f3wno o dobrostan zwierz\u0105t, jak i komfort je\u017ad\u017ac\u00f3w.<\/p><\/div><\/div>\t\t\t\t<\/div>\n\t\t\t\t<div class=\"elementor-element elementor-element-2b74dddd elementor-widget-tablet__width-initial elementor-widget-mobile__width-inherit elementor-widget__width-initial elementor-position-top elementor-widget elementor-widget-image-box\" data-id=\"2b74dddd\" data-element_type=\"widget\" data-widget_type=\"image-box.default\">\n\t\t\t\t\t<div class=\"elementor-image-box-wrapper\"><figure class=\"elementor-image-box-img\"><img decoding=\"async\" width=\"1920\" height=\"2560\" src=\"https:\/\/akjbaborowo.pl\/wp-content\/uploads\/2025\/11\/IMG_9730-scaled.jpg\" class=\"attachment-full size-full wp-image-143\" alt=\"\" srcset=\"https:\/\/akjbaborowo.pl\/wp-content\/uploads\/2025\/11\/IMG_9730-scaled.jpg 1920w, https:\/\/akjbaborowo.pl\/wp-content\/uploads\/2025\/11\/IMG_9730-225x300.jpg 225w, https:\/\/akjbaborowo.pl\/wp-content\/uploads\/2025\/11\/IMG_9730-768x1024.jpg 768w, https:\/\/akjbaborowo.pl\/wp-content\/uploads\/2025\/11\/IMG_9730-1152x1536.jpg 1152w, https:\/\/akjbaborowo.pl\/wp-content\/uploads\/2025\/11\/IMG_9730-1536x2048.jpg 1536w\" sizes=\"(max-width: 1920px) 100vw, 1920px\" \/><\/figure><div class=\"elementor-image-box-content\"><h4 class=\"elementor-image-box-title\">Julia<\/h4><p class=\"elementor-image-box-description\">Instruktor Jazdy Konnej i Hipoterapii. Julia \nma niezwyk\u0142y dar pracy z dzie\u0107mi. Jej zaj\u0119cia s\u0105 pe\u0142ne spokoju, uwa\u017cno\u015bci i u\u015bmiechu. Prowadzi tak\u017ce zaj\u0119cia z hipoterapii, wprowadzaj\u0105c najm\u0142odszych w \u015bwiat koni w ciep\u0142y i naturalny spos\u00f3b.<\/p><\/div><\/div>\t\t\t\t<\/div>\n\t\t\t\t<\/div>\n\t\t\t\t\t<\/div>\n\t\t\t\t<\/div>\n\t\t<div class=\"elementor-element elementor-element-2a592932 e-flex e-con-boxed e-con e-parent\" data-id=\"2a592932\" data-element_type=\"container\" data-settings=\"{&quot;background_background&quot;:&quot;classic&quot;}\">\n\t\t\t\t\t<div class=\"e-con-inner\">\n\t\t<div class=\"elementor-element elementor-element-68737457 e-con-full e-flex e-con e-child\" data-id=\"68737457\" data-element_type=\"container\">\n\t\t<div class=\"elementor-element elementor-element-19118eb5 e-con-full e-flex e-con e-child\" data-id=\"19118eb5\" data-element_type=\"container\">\n\t\t\t\t<div class=\"elementor-element elementor-element-160aef67 elementor-widget__width-inherit elementor-widget elementor-widget-image\" data-id=\"160aef67\" data-element_type=\"widget\" data-settings=\"{&quot;_animation&quot;:&quot;none&quot;,&quot;_animation_delay&quot;:600}\" data-widget_type=\"image.default\">\n\t\t\t\t\t\t\t\t\t\t\t\t\t\t\t<img loading=\"lazy\" decoding=\"async\" width=\"300\" height=\"225\" src=\"https:\/\/akjbaborowo.pl\/wp-content\/uploads\/2025\/11\/IMG_7635-300x225.jpeg\" class=\"attachment-medium size-medium wp-image-131\" alt=\"\" srcset=\"https:\/\/akjbaborowo.pl\/wp-content\/uploads\/2025\/11\/IMG_7635-300x225.jpeg 300w, https:\/\/akjbaborowo.pl\/wp-content\/uploads\/2025\/11\/IMG_7635-1024x768.jpeg 1024w, https:\/\/akjbaborowo.pl\/wp-content\/uploads\/2025\/11\/IMG_7635-768x576.jpeg 768w, https:\/\/akjbaborowo.pl\/wp-content\/uploads\/2025\/11\/IMG_7635-1536x1152.jpeg 1536w, https:\/\/akjbaborowo.pl\/wp-content\/uploads\/2025\/11\/IMG_7635-2048x1536.jpeg 2048w\" sizes=\"(max-width: 300px) 100vw, 300px\" \/>\t\t\t\t\t\t\t\t\t\t\t\t\t\t\t<\/div>\n\t\t\t\t<div class=\"elementor-element elementor-element-18a7f7b9 elementor-widget elementor-widget-image\" data-id=\"18a7f7b9\" data-element_type=\"widget\" data-settings=\"{&quot;_animation&quot;:&quot;none&quot;,&quot;_animation_delay&quot;:200}\" data-widget_type=\"image.default\">\n\t\t\t\t\t\t\t\t\t\t\t\t\t\t\t<img loading=\"lazy\" decoding=\"async\" width=\"1920\" height=\"1694\" src=\"https:\/\/akjbaborowo.pl\/wp-content\/uploads\/2025\/11\/IMG_0282-scaled-e1763967959655.jpg\" class=\"attachment-full size-full wp-image-119\" alt=\"\" srcset=\"https:\/\/akjbaborowo.pl\/wp-content\/uploads\/2025\/11\/IMG_0282-scaled-e1763967959655.jpg 1920w, https:\/\/akjbaborowo.pl\/wp-content\/uploads\/2025\/11\/IMG_0282-scaled-e1763967959655-300x265.jpg 300w, https:\/\/akjbaborowo.pl\/wp-content\/uploads\/2025\/11\/IMG_0282-scaled-e1763967959655-1024x903.jpg 1024w, https:\/\/akjbaborowo.pl\/wp-content\/uploads\/2025\/11\/IMG_0282-scaled-e1763967959655-768x678.jpg 768w, https:\/\/akjbaborowo.pl\/wp-content\/uploads\/2025\/11\/IMG_0282-scaled-e1763967959655-1536x1355.jpg 1536w\" sizes=\"(max-width: 1920px) 100vw, 1920px\" \/>\t\t\t\t\t\t\t\t\t\t\t\t\t\t\t<\/div>\n\t\t\t\t<\/div>\n\t\t<div class=\"elementor-element elementor-element-5c6223c6 e-con-full e-flex e-con e-child\" data-id=\"5c6223c6\" data-element_type=\"container\">\n\t\t\t\t<div class=\"elementor-element elementor-element-111236c8 elementor-widget elementor-widget-image\" data-id=\"111236c8\" data-element_type=\"widget\" data-settings=\"{&quot;_animation&quot;:&quot;none&quot;,&quot;_animation_delay&quot;:200}\" data-widget_type=\"image.default\">\n\t\t\t\t\t\t\t\t\t\t\t\t\t\t\t<img loading=\"lazy\" decoding=\"async\" width=\"640\" height=\"295\" src=\"https:\/\/akjbaborowo.pl\/wp-content\/uploads\/2025\/11\/IMG_8576-1024x472.png\" class=\"attachment-large size-large wp-image-135\" alt=\"\" srcset=\"https:\/\/akjbaborowo.pl\/wp-content\/uploads\/2025\/11\/IMG_8576-1024x472.png 1024w, https:\/\/akjbaborowo.pl\/wp-content\/uploads\/2025\/11\/IMG_8576-300x138.png 300w, https:\/\/akjbaborowo.pl\/wp-content\/uploads\/2025\/11\/IMG_8576-768x354.png 768w, https:\/\/akjbaborowo.pl\/wp-content\/uploads\/2025\/11\/IMG_8576-1536x709.png 1536w, https:\/\/akjbaborowo.pl\/wp-content\/uploads\/2025\/11\/IMG_8576-2048x945.png 2048w\" sizes=\"(max-width: 640px) 100vw, 640px\" \/>\t\t\t\t\t\t\t\t\t\t\t\t\t\t\t<\/div>\n\t\t\t\t<div class=\"elementor-element elementor-element-9b214db elementor-widget__width-inherit elementor-widget elementor-widget-image\" data-id=\"9b214db\" data-element_type=\"widget\" data-settings=\"{&quot;_animation&quot;:&quot;none&quot;,&quot;_animation_delay&quot;:600}\" data-widget_type=\"image.default\">\n\t\t\t\t\t\t\t\t\t\t\t\t\t\t\t<img loading=\"lazy\" decoding=\"async\" width=\"640\" height=\"853\" src=\"https:\/\/akjbaborowo.pl\/wp-content\/uploads\/2025\/11\/IMG_0150-768x1024.jpg\" class=\"attachment-large size-large wp-image-117\" alt=\"\" srcset=\"https:\/\/akjbaborowo.pl\/wp-content\/uploads\/2025\/11\/IMG_0150-768x1024.jpg 768w, https:\/\/akjbaborowo.pl\/wp-content\/uploads\/2025\/11\/IMG_0150-225x300.jpg 225w, https:\/\/akjbaborowo.pl\/wp-content\/uploads\/2025\/11\/IMG_0150-1152x1536.jpg 1152w, https:\/\/akjbaborowo.pl\/wp-content\/uploads\/2025\/11\/IMG_0150-1536x2048.jpg 1536w, https:\/\/akjbaborowo.pl\/wp-content\/uploads\/2025\/11\/IMG_0150-scaled.jpg 1920w\" sizes=\"(max-width: 640px) 100vw, 640px\" \/>\t\t\t\t\t\t\t\t\t\t\t\t\t\t\t<\/div>\n\t\t\t\t<\/div>\n\t\t\t\t<\/div>\n\t\t<div class=\"elementor-element elementor-element-6b718f68 e-con-full e-flex e-con e-child\" data-id=\"6b718f68\" data-element_type=\"container\">\n\t\t\t\t<div class=\"elementor-element elementor-element-57f85fe5 elementor-cta--layout-image-right elementor-cta--mobile-layout-image-above elementor-cta--skin-classic elementor-animated-content elementor-widget elementor-widget-call-to-action\" data-id=\"57f85fe5\" data-element_type=\"widget\" data-widget_type=\"call-to-action.default\">\n\t\t\t\t\t\t\t<div class=\"elementor-cta\">\n\t\t\t\t\t\t\t<div class=\"elementor-cta__content\">\n\t\t\t\t\n\t\t\t\t\t\t\t\t\t<h2 class=\"elementor-cta__title elementor-cta__content-item elementor-content-item\">\n\t\t\t\t\t\tSkontaktuj si\u0119 z nami ju\u017c dzi\u015b!\t\t\t\t\t<\/h2>\n\t\t\t\t\n\t\t\t\t\t\t\t\t\t<div class=\"elementor-cta__description elementor-cta__content-item elementor-content-item\">\n\t\t\t\t\t\tCzekamy na Twoje pytania. Dowiedz si\u0119, jak mo\u017cemy pom\u00f3c w realizacji Twoich marze\u0144 o je\u017adzie konnej.\t\t\t\t\t<\/div>\n\t\t\t\t\n\t\t\t\t\t\t\t\t\t<div class=\"elementor-cta__button-wrapper elementor-cta__content-item elementor-content-item \">\n\t\t\t\t\t<a class=\"elementor-cta__button elementor-button elementor-size-md\">\n\t\t\t\t\t\tNapisz do nas\t\t\t\t\t<\/a>\n\t\t\t\t\t<\/div>\n\t\t\t\t\t\t\t<\/div>\n\t\t\t\t\t\t<\/div>\n\t\t\t\t\t\t<\/div>\n\t\t\t\t<\/div>\n\t\t\t\t\t<\/div>\n\t\t\t\t<\/div>\n\t\t\t\t<\/div>\n\t\t","protected":false},"excerpt":{"rendered":"<p>Witamy w naszym \u015bwiecie! Odkryj magi\u0119 je\u017adziectwa z nami Jeste\u015bmy stajni\u0105, kt\u00f3ra \u0142\u0105czy pasj\u0119 do koni z szacunkiem dla natury. Nasze lekcje jazdy konnej, wydarzenia oraz pensjonat dla koni s\u0105 zaprojektowane z my\u015bl\u0105 o dobrostanie zwierz\u0105t. Sprawd\u017a nasz\u0105 ofert\u0119 i do\u0142\u0105cz do naszej spo\u0142eczno\u015bci, w kt\u00f3rej ka\u017cdy jest mile widziany. Dowiedz si\u0119 wi\u0119cej Nasza oferta&#8230;<\/p>\n","protected":false},"author":1,"featured_media":0,"parent":0,"menu_order":0,"comment_status":"closed","ping_status":"closed","template":"","meta":{"_regular_price":[],"currency_symbol":[],"footnotes":""},"class_list":["post-36","page","type-page","status-publish","hentry"],"post_slider_layout_featured_media_urls":{"thumbnail":"","post_slider_layout_landscape_large":"","post_slider_layout_portrait_large":"","post_slider_layout_square_large":"","post_slider_layout_landscape":"","post_slider_layout_portrait":"","post_slider_layout_square":"","full":""},"yoast_head":"<!-- This site is optimized with the Yoast SEO plugin v25.9 - https:\/\/yoast.com\/wordpress\/plugins\/seo\/ -->\n<title>O Nas - Akademia Je\u017adziecka Baborowo<\/title>\n<meta name=\"robots\" content=\"index, follow, max-snippet:-1, max-image-preview:large, max-video-preview:-1\" \/>\n<link rel=\"canonical\" href=\"https:\/\/akjbaborowo.pl\/?page_id=36\" \/>\n<meta property=\"og:locale\" content=\"en_US\" \/>\n<meta property=\"og:type\" content=\"article\" \/>\n<meta property=\"og:title\" content=\"O Nas - Akademia Je\u017adziecka Baborowo\" \/>\n<meta property=\"og:description\" content=\"Witamy w naszym \u015bwiecie! Odkryj magi\u0119 je\u017adziectwa z nami Jeste\u015bmy stajni\u0105, kt\u00f3ra \u0142\u0105czy pasj\u0119 do koni z szacunkiem dla natury. Nasze lekcje jazdy konnej, wydarzenia oraz pensjonat dla koni s\u0105 zaprojektowane z my\u015bl\u0105 o dobrostanie zwierz\u0105t. Sprawd\u017a nasz\u0105 ofert\u0119 i do\u0142\u0105cz do naszej spo\u0142eczno\u015bci, w kt\u00f3rej ka\u017cdy jest mile widziany. Dowiedz si\u0119 wi\u0119cej Nasza oferta...\" \/>\n<meta property=\"og:url\" content=\"https:\/\/akjbaborowo.pl\/?page_id=36\" \/>\n<meta property=\"og:site_name\" content=\"Akademia Je\u017adziecka Baborowo\" \/>\n<meta property=\"article:modified_time\" content=\"2026-01-09T14:41:28+00:00\" \/>\n<meta property=\"og:image\" content=\"http:\/\/akjbaborowo.pl\/wp-content\/uploads\/2025\/11\/Mirek.png\" \/>\n<meta name=\"twitter:card\" content=\"summary_large_image\" \/>\n<meta name=\"twitter:label1\" content=\"Est. reading time\" \/>\n\t<meta name=\"twitter:data1\" content=\"2 minutes\" \/>\n<script type=\"application\/ld+json\" class=\"yoast-schema-graph\">{\"@context\":\"https:\/\/schema.org\",\"@graph\":[{\"@type\":\"WebPage\",\"@id\":\"https:\/\/akjbaborowo.pl\/?page_id=36\",\"url\":\"https:\/\/akjbaborowo.pl\/?page_id=36\",\"name\":\"O Nas - Akademia Je\u017adziecka Baborowo\",\"isPartOf\":{\"@id\":\"https:\/\/akjbaborowo.pl\/#website\"},\"primaryImageOfPage\":{\"@id\":\"https:\/\/akjbaborowo.pl\/?page_id=36#primaryimage\"},\"image\":{\"@id\":\"https:\/\/akjbaborowo.pl\/?page_id=36#primaryimage\"},\"thumbnailUrl\":\"http:\/\/akjbaborowo.pl\/wp-content\/uploads\/2025\/11\/Mirek.png\",\"datePublished\":\"2025-09-19T18:13:22+00:00\",\"dateModified\":\"2026-01-09T14:41:28+00:00\",\"breadcrumb\":{\"@id\":\"https:\/\/akjbaborowo.pl\/?page_id=36#breadcrumb\"},\"inLanguage\":\"en-US\",\"potentialAction\":[{\"@type\":\"ReadAction\",\"target\":[\"https:\/\/akjbaborowo.pl\/?page_id=36\"]}]},{\"@type\":\"ImageObject\",\"inLanguage\":\"en-US\",\"@id\":\"https:\/\/akjbaborowo.pl\/?page_id=36#primaryimage\",\"url\":\"https:\/\/akjbaborowo.pl\/wp-content\/uploads\/2025\/11\/Mirek.png\",\"contentUrl\":\"https:\/\/akjbaborowo.pl\/wp-content\/uploads\/2025\/11\/Mirek.png\",\"width\":1061,\"height\":782},{\"@type\":\"BreadcrumbList\",\"@id\":\"https:\/\/akjbaborowo.pl\/?page_id=36#breadcrumb\",\"itemListElement\":[{\"@type\":\"ListItem\",\"position\":1,\"name\":\"Home\",\"item\":\"https:\/\/akjbaborowo.pl\/\"},{\"@type\":\"ListItem\",\"position\":2,\"name\":\"O Nas\"}]},{\"@type\":\"WebSite\",\"@id\":\"https:\/\/akjbaborowo.pl\/#website\",\"url\":\"https:\/\/akjbaborowo.pl\/\",\"name\":\"Akademia Je\u017adziecka Baborowo\",\"description\":\"\",\"publisher\":{\"@id\":\"https:\/\/akjbaborowo.pl\/#organization\"},\"potentialAction\":[{\"@type\":\"SearchAction\",\"target\":{\"@type\":\"EntryPoint\",\"urlTemplate\":\"https:\/\/akjbaborowo.pl\/?s={search_term_string}\"},\"query-input\":{\"@type\":\"PropertyValueSpecification\",\"valueRequired\":true,\"valueName\":\"search_term_string\"}}],\"inLanguage\":\"en-US\"},{\"@type\":\"Organization\",\"@id\":\"https:\/\/akjbaborowo.pl\/#organization\",\"name\":\"Akademia Je\u017adziecka Baborowo\",\"url\":\"https:\/\/akjbaborowo.pl\/\",\"logo\":{\"@type\":\"ImageObject\",\"inLanguage\":\"en-US\",\"@id\":\"https:\/\/akjbaborowo.pl\/#\/schema\/logo\/image\/\",\"url\":\"https:\/\/akjbaborowo.pl\/wp-content\/uploads\/2025\/09\/AKJ-logo.png\",\"contentUrl\":\"https:\/\/akjbaborowo.pl\/wp-content\/uploads\/2025\/09\/AKJ-logo.png\",\"width\":1280,\"height\":720,\"caption\":\"Akademia Je\u017adziecka Baborowo\"},\"image\":{\"@id\":\"https:\/\/akjbaborowo.pl\/#\/schema\/logo\/image\/\"}}]}<\/script>\n<!-- \/ Yoast SEO plugin. -->","yoast_head_json":{"title":"O Nas - Akademia Je\u017adziecka Baborowo","robots":{"index":"index","follow":"follow","max-snippet":"max-snippet:-1","max-image-preview":"max-image-preview:large","max-video-preview":"max-video-preview:-1"},"canonical":"https:\/\/akjbaborowo.pl\/?page_id=36","og_locale":"en_US","og_type":"article","og_title":"O Nas - Akademia Je\u017adziecka Baborowo","og_description":"Witamy w naszym \u015bwiecie! Odkryj magi\u0119 je\u017adziectwa z nami Jeste\u015bmy stajni\u0105, kt\u00f3ra \u0142\u0105czy pasj\u0119 do koni z szacunkiem dla natury. Nasze lekcje jazdy konnej, wydarzenia oraz pensjonat dla koni s\u0105 zaprojektowane z my\u015bl\u0105 o dobrostanie zwierz\u0105t. Sprawd\u017a nasz\u0105 ofert\u0119 i do\u0142\u0105cz do naszej spo\u0142eczno\u015bci, w kt\u00f3rej ka\u017cdy jest mile widziany. Dowiedz si\u0119 wi\u0119cej Nasza oferta...","og_url":"https:\/\/akjbaborowo.pl\/?page_id=36","og_site_name":"Akademia Je\u017adziecka Baborowo","article_modified_time":"2026-01-09T14:41:28+00:00","og_image":[{"url":"http:\/\/akjbaborowo.pl\/wp-content\/uploads\/2025\/11\/Mirek.png","type":"","width":"","height":""}],"twitter_card":"summary_large_image","twitter_misc":{"Est. reading time":"2 minutes"},"schema":{"@context":"https:\/\/schema.org","@graph":[{"@type":"WebPage","@id":"https:\/\/akjbaborowo.pl\/?page_id=36","url":"https:\/\/akjbaborowo.pl\/?page_id=36","name":"O Nas - Akademia Je\u017adziecka Baborowo","isPartOf":{"@id":"https:\/\/akjbaborowo.pl\/#website"},"primaryImageOfPage":{"@id":"https:\/\/akjbaborowo.pl\/?page_id=36#primaryimage"},"image":{"@id":"https:\/\/akjbaborowo.pl\/?page_id=36#primaryimage"},"thumbnailUrl":"http:\/\/akjbaborowo.pl\/wp-content\/uploads\/2025\/11\/Mirek.png","datePublished":"2025-09-19T18:13:22+00:00","dateModified":"2026-01-09T14:41:28+00:00","breadcrumb":{"@id":"https:\/\/akjbaborowo.pl\/?page_id=36#breadcrumb"},"inLanguage":"en-US","potentialAction":[{"@type":"ReadAction","target":["https:\/\/akjbaborowo.pl\/?page_id=36"]}]},{"@type":"ImageObject","inLanguage":"en-US","@id":"https:\/\/akjbaborowo.pl\/?page_id=36#primaryimage","url":"https:\/\/akjbaborowo.pl\/wp-content\/uploads\/2025\/11\/Mirek.png","contentUrl":"https:\/\/akjbaborowo.pl\/wp-content\/uploads\/2025\/11\/Mirek.png","width":1061,"height":782},{"@type":"BreadcrumbList","@id":"https:\/\/akjbaborowo.pl\/?page_id=36#breadcrumb","itemListElement":[{"@type":"ListItem","position":1,"name":"Home","item":"https:\/\/akjbaborowo.pl\/"},{"@type":"ListItem","position":2,"name":"O Nas"}]},{"@type":"WebSite","@id":"https:\/\/akjbaborowo.pl\/#website","url":"https:\/\/akjbaborowo.pl\/","name":"Akademia Je\u017adziecka Baborowo","description":"","publisher":{"@id":"https:\/\/akjbaborowo.pl\/#organization"},"potentialAction":[{"@type":"SearchAction","target":{"@type":"EntryPoint","urlTemplate":"https:\/\/akjbaborowo.pl\/?s={search_term_string}"},"query-input":{"@type":"PropertyValueSpecification","valueRequired":true,"valueName":"search_term_string"}}],"inLanguage":"en-US"},{"@type":"Organization","@id":"https:\/\/akjbaborowo.pl\/#organization","name":"Akademia Je\u017adziecka Baborowo","url":"https:\/\/akjbaborowo.pl\/","logo":{"@type":"ImageObject","inLanguage":"en-US","@id":"https:\/\/akjbaborowo.pl\/#\/schema\/logo\/image\/","url":"https:\/\/akjbaborowo.pl\/wp-content\/uploads\/2025\/09\/AKJ-logo.png","contentUrl":"https:\/\/akjbaborowo.pl\/wp-content\/uploads\/2025\/09\/AKJ-logo.png","width":1280,"height":720,"caption":"Akademia Je\u017adziecka Baborowo"},"image":{"@id":"https:\/\/akjbaborowo.pl\/#\/schema\/logo\/image\/"}}]}},"_links":{"self":[{"href":"https:\/\/akjbaborowo.pl\/index.php?rest_route=\/wp\/v2\/pages\/36","targetHints":{"allow":["GET"]}}],"collection":[{"href":"https:\/\/akjbaborowo.pl\/index.php?rest_route=\/wp\/v2\/pages"}],"about":[{"href":"https:\/\/akjbaborowo.pl\/index.php?rest_route=\/wp\/v2\/types\/page"}],"author":[{"embeddable":true,"href":"https:\/\/akjbaborowo.pl\/index.php?rest_route=\/wp\/v2\/users\/1"}],"replies":[{"embeddable":true,"href":"https:\/\/akjbaborowo.pl\/index.php?rest_route=%2Fwp%2Fv2%2Fcomments&post=36"}],"version-history":[{"count":10,"href":"https:\/\/akjbaborowo.pl\/index.php?rest_route=\/wp\/v2\/pages\/36\/revisions"}],"predecessor-version":[{"id":250,"href":"https:\/\/akjbaborowo.pl\/index.php?rest_route=\/wp\/v2\/pages\/36\/revisions\/250"}],"wp:attachment":[{"href":"https:\/\/akjbaborowo.pl\/index.php?rest_route=%2Fwp%2Fv2%2Fmedia&parent=36"}],"curies":[{"name":"wp","href":"https:\/\/api.w.org\/{rel}","templated":true}]}}